{"id":1621,"date":"2023-10-06T12:20:30","date_gmt":"2023-10-06T12:20:30","guid":{"rendered":"https:\/\/new.ibbf.hu\/?page_id=1621"},"modified":"2024-04-22T10:36:36","modified_gmt":"2024-04-22T10:36:36","slug":"conditions-of-contest","status":"publish","type":"page","link":"https:\/\/ibbf.hu\/en\/conditions-of-contest\/","title":{"rendered":"Conditions of Contest"},"content":{"rendered":"<p>[et_pb_section fb_built=&#8221;1&#8243; inner_shadow=&#8221;on&#8221; module_class=&#8221;can-blurred&#8221; _builder_version=&#8221;4.24.1&#8243; _module_preset=&#8221;default&#8221; background_color=&#8221;RGBA(255,255,255,0)&#8221; background_image=&#8221;https:\/\/ibbf.hu\/wp-content\/uploads\/2023\/10\/bg_events.jpg&#8221; vertical_offset=&#8221;-76px&#8221; max_width=&#8221;1920px&#8221; module_alignment=&#8221;center&#8221; custom_margin=&#8221;||-77px||false|false&#8221; custom_margin_tablet=&#8221;0px||||false|false&#8221; custom_margin_phone=&#8221;||||false|false&#8221; custom_margin_last_edited=&#8221;on|phone&#8221; custom_padding=&#8221;90px||30px||false|false&#8221; background_last_edited=&#8221;on|desktop&#8221; background_enable_mask_style_phone=&#8221;off&#8221; background_mask_color_phone=&#8221;#dbeeed&#8221; background_mask_aspect_ratio_phone=&#8221;square&#8221; background_mask_size_phone=&#8221;cover&#8221; background_mask_position_phone=&#8221;top_center&#8221; custom_css_main_element=&#8221;border-bottom: 0 !important;||background-attachment: fixed;&#8221; da_disable_devices=&#8221;off|off|off&#8221; border_color_all=&#8221;RGBA(255,255,255,0)&#8221; border_style_all=&#8221;none&#8221; locked=&#8221;off&#8221; global_colors_info=&#8221;{}&#8221; custom_css_main_element_last_edited=&#8221;on|tablet&#8221; custom_css_main_element_tablet=&#8221;border-bottom: 0 !important;&#8221; custom_css_main_element_phone=&#8221;border-bottom: 0 !important;&#8221; da_is_popup=&#8221;off&#8221; da_exit_intent=&#8221;off&#8221; da_has_close=&#8221;on&#8221; da_alt_close=&#8221;off&#8221; da_dark_close=&#8221;off&#8221; da_not_modal=&#8221;on&#8221; da_is_singular=&#8221;off&#8221; da_with_loader=&#8221;off&#8221; da_has_shadow=&#8221;on&#8221;][et_pb_row _builder_version=&#8221;4.24.1&#8243; _module_preset=&#8221;default&#8221; global_colors_info=&#8221;{}&#8221;][et_pb_column type=&#8221;4_4&#8243; _builder_version=&#8221;4.24.1&#8243; _module_preset=&#8221;default&#8221; global_colors_info=&#8221;{}&#8221;][et_pb_text _builder_version=&#8221;4.24.2&#8243; _module_preset=&#8221;default&#8221; text_font=&#8221;Poppins|600|||||||&#8221; text_text_color=&#8221;#FFFFFF&#8221; text_font_size=&#8221;40px&#8221; text_orientation=&#8221;center&#8221; text_font_size_tablet=&#8221;30px&#8221; text_font_size_phone=&#8221;24px&#8221; text_font_size_last_edited=&#8221;on|phone&#8221; global_colors_info=&#8221;{}&#8221;]<\/p>\n<p>CONDITIONS OF CONTEST<\/p>\n<p>[\/et_pb_text][\/et_pb_column][\/et_pb_row][et_pb_row _builder_version=&#8221;4.24.1&#8243; _module_preset=&#8221;default&#8221; background_color=&#8221;rgba(224,206,192,0.5)&#8221; width=&#8221;100%&#8221; width_tablet=&#8221;95%&#8221; width_phone=&#8221;95%&#8221; width_last_edited=&#8221;on|phone&#8221; max_width=&#8221;1380px&#8221; module_alignment=&#8221;center&#8221; custom_margin=&#8221;||45px||false|false&#8221; custom_margin_tablet=&#8221;||||false|true&#8221; custom_margin_phone=&#8221;||||false|true&#8221; custom_margin_last_edited=&#8221;on|phone&#8221; custom_padding=&#8221;45px|30px|45px|30px|false|true&#8221; custom_css_main_element=&#8221;backdrop-filter:blur(2px);&#8221; border_radii=&#8221;on|20px|20px|20px|20px&#8221; global_colors_info=&#8221;{}&#8221;][et_pb_column type=&#8221;4_4&#8243; _builder_version=&#8221;4.22.2&#8243; _module_preset=&#8221;default&#8221; global_colors_info=&#8221;{}&#8221;][et_pb_text _builder_version=&#8221;4.24.2&#8243; _module_preset=&#8221;default&#8221; text_font=&#8221;Poppins|600|||on||||&#8221; text_text_color=&#8221;#000000&#8243; text_font_size=&#8221;25px&#8221; global_colors_info=&#8221;{}&#8221;]<\/p>\n<p><span>Participation<\/span><\/p>\n<p>[\/et_pb_text][et_pb_text _builder_version=&#8221;4.24.2&#8243; _module_preset=&#8221;default&#8221; text_font=&#8221;Poppins|600|||||||&#8221; text_text_color=&#8221;#000000&#8243; text_font_size=&#8221;18px&#8221; global_colors_info=&#8221;{}&#8221;]<\/p>\n<p>The organizer reserves the right to reject the application of any player without reasoning.<\/p>\n<p>[\/et_pb_text][et_pb_text _builder_version=&#8221;4.24.2&#8243; _module_preset=&#8221;default&#8221; text_font=&#8221;Poppins|600|||||||&#8221; text_text_color=&#8221;#000000&#8243; text_font_size=&#8221;18px&#8221; global_colors_info=&#8221;{}&#8221;]<\/p>\n<p>Furthermore, the organiser, following the <a data-v-0e9bd286=\"\" href=\"https:\/\/olympics.com\/ioc\/news\/ioc-issues-recommendations-for-international-federations-and-international-sports-event-organisers\" target=\"_blank\" rel=\"noopener\"><u data-v-0e9bd286=\"\"><strong><span style=\"color: #000000;\">recommendation of the International Olympic Committee<\/span><\/strong><\/u><\/a>, places the following restrictions on the participation of athletes with Russian and Belarusian passports in the tournament.<\/p>\n<ol>\n<li style=\"list-style-type: none;\">\n<ol data-v-0e9bd286=\"\" class=\"mt-3\">\n<li data-v-0e9bd286=\"\">Athletes with a Russian or a Belarusian passport must compete only as Individual Neutral Athletes.<\/li>\n<li>Teams of athletes with a Russian or Belarusian passport cannot be considered.<\/li>\n<li data-v-0e9bd286=\"\" class=\"mt-3\">Athletes who actively support the Russian invasion of Ukraine, cannot compete.<\/li>\n<li data-v-0e9bd286=\"\" class=\"mt-3\">Athletes who are contracted to the Russian or Belarusian military or national security agencies cannot compete. Support personnel who are contracted to the Russian or Belarusian military or national security agencies cannot be entered.<\/li>\n<li data-v-0e9bd286=\"\" class=\"mt-3\">Any such Individual Neutral Athlete, like all the other participating athletes, must meet all anti-doping requirements applicable to them and particularly those set out in the anti-doping rules of the WBF.<\/li>\n<li data-v-0e9bd286=\"\" class=\"mt-3\">Displaying flag, anthem, colours or any other identifications whatsoever of these countries is forbidden during the tournament in the entire venue.<\/li>\n<\/ol>\n<\/li>\n<\/ol>\n<p>If a violation of the above rules is discovered during the competition, it will result in immediate disqualification upon discovery.<\/p>\n<p>[\/et_pb_text][et_pb_text _builder_version=&#8221;4.24.2&#8243; _module_preset=&#8221;default&#8221; text_font=&#8221;Poppins|600|||on||||&#8221; text_text_color=&#8221;#000000&#8243; text_font_size=&#8221;25px&#8221; locked=&#8221;off&#8221; global_colors_info=&#8221;{}&#8221;]<\/p>\n<p>Special rules for playing with tablets<\/p>\n<p>[\/et_pb_text][et_pb_text _builder_version=&#8221;4.25.0&#8243; _module_preset=&#8221;default&#8221; text_font=&#8221;Poppins|600|||||||&#8221; text_text_color=&#8221;#000000&#8243; text_font_size=&#8221;18px&#8221; hover_enabled=&#8221;0&#8243; locked=&#8221;off&#8221; global_colors_info=&#8221;{}&#8221; sticky_enabled=&#8221;0&#8243;]<\/p>\n<p><span><\/span><\/p>\n<p><span>The following special rules apply to the event in addition to the Laws of Duplicate Bridge:<\/span><\/p>\n<p>&nbsp;<\/p>\n<ol>\n<li style=\"list-style-type: none;\">\n<ol data-v-0e9bd286=\"\" class=\"mt-3\">\n<li data-v-0e9bd286=\"\"><span style=\"text-decoration: underline;\">Disclosure of meaning of calls<\/span><br \/>The way the calls are explained to the opponent is determined by the fact that the event is settled with or without a screen, so that the rules of alerting for that type of competition always apply.<\/li>\n<li data-v-0e9bd286=\"\" class=\"mt-3\"><span style=\"text-decoration: underline;\">Visibility of information<\/span>\n<ol data-v-0e9bd286=\"\" type=\"a\" class=\"mt-3\">\n<li data-v-0e9bd286=\"\">In accordance with the Rule 20C2 of the Laws of Duplicate Bridge, the entire bidding is visible until the player plays a card to the first trick.<\/li>\n<li data-v-0e9bd286=\"\" class=\"mt-3\">The cards of a trick remain visible until the player plays a card to the next trick.<\/li>\n<\/ol>\n<\/li>\n<li data-v-0e9bd286=\"\" class=\"mt-3\"><span style=\"text-decoration: underline;\">Unintended actions \u2013 misclicks<\/span><br \/>According to the Laws of Duplicate Bridge, an unintended action (call or play) may be changed without penalty under certain conditions. We draw particular attention to the fact that the Tournament Director should only allow a change if the original action is surely a result of a mechanical error (misclick) and in no way was the player\u2019s intention.\n<ol data-v-0e9bd286=\"\" type=\"a\" class=\"mt-3\">\n<li data-v-0e9bd286=\"\"><span><span class=\"ui-provider a b c d e f g h i j k l m n o p q r s t u v w x y z ab ac ae af ag ah ai aj ak\" dir=\"ltr\">Taking back an unintended call<br \/><\/span><\/span><span><span class=\"ui-provider a b c d e f g h i j k l m n o p q r s t u v w x y z ab ac ae af ag ah ai aj ak\" dir=\"ltr\">According to the Laws of Duplicate Bridge, an unintended call may be replaced if the conditions described in Law 25A are met.<\/span><\/span><\/li>\n<li data-v-0e9bd286=\"\">Taking back an unintended card<br \/>When playing a card, a misclick is deemed analogous to dropping a card accidentally.<\/li>\n<li data-v-0e9bd286=\"\" class=\"mt-3\">Misclick by declarer (from hand or from dummy)<br \/>Declarer can correct an unintended play (from hand or from dummy), before playing another card from dummy or from hand.<\/li>\n<li data-v-0e9bd286=\"\" class=\"mt-3\">Misclick by a defender<br \/>According to Law 50B (Laws of Duplicate Bridge, 2017) a dropped card by a defender becomes a penalty card. If it is not an honour (from 2 to 9), the card becomes a minor penalty card, and the Tournament Director applies the relevant rules. If it is an honour (A, K, Q, J or 10), the card becomes a major penalty card, and will have to be played at the first legal opportunity.<\/li>\n<li data-v-0e9bd286=\"\" class=\"mt-3\">Mechanical error<br \/>A change can only be accepted if the player misclicked, not due to recklessness or reconsideration. Before allowing any change, the Tournament Director must be convinced that this is the case.<\/li>\n<li data-v-0e9bd286=\"\" class=\"mt-3\">Card played after a withdrawn card<br \/>If the next player has already played a card over the withdrawn card, he can modify this card without any penalty. The view of this card is Unauthorized Information for the offending side. This regulation is analogous to Section 45C4b of the Laws of Duplicate Bridge.<\/li>\n<\/ol>\n<\/li>\n<li data-v-0e9bd286=\"\" class=\"mt-3\"><span style=\"text-decoration: underline;\">Recording of the time used<\/span><br \/>The LoveBridge system records the time spent on each call and play and is allowed to transfer these data to the Tournament Director to help decision-making.<\/li>\n<li data-v-0e9bd286=\"\" class=\"mt-3\"><span style=\"text-decoration: underline;\">Keep to play time<br \/><\/span>The system automatically prevents starting a new board maximum 3:00 minutes before the finishing time of a round.<\/li>\n<li data-v-0e9bd286=\"\" class=\"mt-3\"><span style=\"text-decoration: underline;\">Masterpoints<\/span><br \/>Contestants will have the same amount of master points as they would receive at a traditional event with otherwise the same conditions.<\/li>\n<\/ol>\n<\/li>\n<\/ol>\n<p>[\/et_pb_text][\/et_pb_column][\/et_pb_row][et_pb_row _builder_version=&#8221;4.23&#8243; _module_preset=&#8221;default&#8221; background_image=&#8221;https:\/\/new.ibbf.hu\/wp-content\/uploads\/2023\/10\/bg_events.jpg&#8221; positioning=&#8221;fixed&#8221; position_origin_a=&#8221;top_center&#8221; position_origin_f=&#8221;top_center&#8221; z_index=&#8221;-1&#8243; width=&#8221;100%&#8221; max_width=&#8221;1920px&#8221; custom_css_main_element=&#8221;width:100%;||height:100vh;&#8221; locked=&#8221;off&#8221; global_colors_info=&#8221;{}&#8221;][et_pb_column type=&#8221;4_4&#8243; _builder_version=&#8221;4.23&#8243; _module_preset=&#8221;default&#8221; global_colors_info=&#8221;{}&#8221;][\/et_pb_column][\/et_pb_row][\/et_pb_section]<\/p>","protected":false},"excerpt":{"rendered":"<p>VERSENYSZAB\u00c1LYZATR\u00e9szv\u00e9telA verseny szervez\u0151j\u00e9nek jog\u00e1ban \u00e1ll elutas\u00edtani b\u00e1rmely j\u00e1t\u00e9kos jelentkez\u00e9s\u00e9t.Tov\u00e1bb\u00e1, a Szervez\u0151, k\u00f6vetve a Nemzetk\u00f6zi Olimpiai Bizotts\u00e1g aj\u00e1nl\u00e1s\u00e1t, a k\u00f6vetkez\u0151 korl\u00e1toz\u00e1sokat teszi az orosz \u00e9s feh\u00e9rorosz \u00fatlev\u00e9llel rendelkez\u0151 j\u00e1t\u00e9kosok r\u00e9szv\u00e9tele tekintet\u00e9ben. Az orosz \u00e9s feh\u00e9rorosz \u00fatlev\u00e9llel rendelkez\u0151 sportol\u00f3k csak egy\u00e9ni, semleges versenyz\u0151k\u00e9nt vehetnek r\u00e9szt. Orosz \u00e9s feh\u00e9rorosz \u00fatlev\u00e9llel rendelkez\u0151 tagokb\u00f3l \u00e1ll\u00f3 csapatok nem indulhatnak a versenyen. [&hellip;]<\/p>","protected":false},"author":4,"featured_media":0,"parent":0,"menu_order":0,"comment_status":"closed","ping_status":"closed","template":"","meta":{"_et_pb_use_builder":"on","_et_pb_old_content":"<!-- wp:divi\/placeholder \/-->","_et_gb_content_width":"","content-type":"","footnotes":""},"class_list":["post-1621","page","type-page","status-publish","hentry"],"_links":{"self":[{"href":"https:\/\/ibbf.hu\/en\/wp-json\/wp\/v2\/pages\/1621","targetHints":{"allow":["GET"]}}],"collection":[{"href":"https:\/\/ibbf.hu\/en\/wp-json\/wp\/v2\/pages"}],"about":[{"href":"https:\/\/ibbf.hu\/en\/wp-json\/wp\/v2\/types\/page"}],"author":[{"embeddable":true,"href":"https:\/\/ibbf.hu\/en\/wp-json\/wp\/v2\/users\/4"}],"replies":[{"embeddable":true,"href":"https:\/\/ibbf.hu\/en\/wp-json\/wp\/v2\/comments?post=1621"}],"version-history":[{"count":23,"href":"https:\/\/ibbf.hu\/en\/wp-json\/wp\/v2\/pages\/1621\/revisions"}],"predecessor-version":[{"id":4306,"href":"https:\/\/ibbf.hu\/en\/wp-json\/wp\/v2\/pages\/1621\/revisions\/4306"}],"wp:attachment":[{"href":"https:\/\/ibbf.hu\/en\/wp-json\/wp\/v2\/media?parent=1621"}],"curies":[{"name":"wp","href":"https:\/\/api.w.org\/{rel}","templated":true}]}}