{"id":4074,"date":"2024-02-15T15:05:00","date_gmt":"2024-02-15T15:05:00","guid":{"rendered":"https:\/\/new.ibbf.hu\/?page_id=4074"},"modified":"2024-03-27T12:28:17","modified_gmt":"2024-03-27T12:28:17","slug":"cookie-policy","status":"publish","type":"page","link":"https:\/\/ibbf.hu\/en\/cookie-policy\/","title":{"rendered":"Cookie-szab\u00e1lyzat"},"content":{"rendered":"<p>[et_pb_section fb_built=&#8221;1&#8243; inner_shadow=&#8221;on&#8221; module_class=&#8221;can-blurred&#8221; _builder_version=&#8221;4.24.1&#8243; _module_preset=&#8221;default&#8221; background_color=&#8221;RGBA(255,255,255,0)&#8221; background_image=&#8221;https:\/\/ibbf.hu\/wp-content\/uploads\/2023\/10\/bg_events.jpg&#8221; parallax=&#8221;on&#8221; vertical_offset=&#8221;-76px&#8221; max_width=&#8221;1920px&#8221; module_alignment=&#8221;center&#8221; custom_margin=&#8221;||-77px||false|false&#8221; custom_margin_tablet=&#8221;0px||||false|false&#8221; custom_margin_phone=&#8221;||||false|false&#8221; custom_margin_last_edited=&#8221;on|phone&#8221; custom_padding=&#8221;90px||30px||false|false&#8221; background_last_edited=&#8221;on|desktop&#8221; background_enable_mask_style_phone=&#8221;off&#8221; background_mask_color_phone=&#8221;#dbeeed&#8221; background_mask_aspect_ratio_phone=&#8221;square&#8221; background_mask_size_phone=&#8221;cover&#8221; background_mask_position_phone=&#8221;top_center&#8221; custom_css_main_element=&#8221;border-bottom: 0 !important;||background-attachment: fixed;&#8221; da_disable_devices=&#8221;off|off|off&#8221; border_color_all=&#8221;RGBA(255,255,255,0)&#8221; border_style_all=&#8221;none&#8221; locked=&#8221;off&#8221; global_colors_info=&#8221;{}&#8221; custom_css_main_element_last_edited=&#8221;on|tablet&#8221; custom_css_main_element_tablet=&#8221;border-bottom: 0 !important;&#8221; custom_css_main_element_phone=&#8221;border-bottom: 0 !important;&#8221; da_is_popup=&#8221;off&#8221; da_exit_intent=&#8221;off&#8221; da_has_close=&#8221;on&#8221; da_alt_close=&#8221;off&#8221; da_dark_close=&#8221;off&#8221; da_not_modal=&#8221;on&#8221; da_is_singular=&#8221;off&#8221; da_with_loader=&#8221;off&#8221; da_has_shadow=&#8221;on&#8221;][et_pb_row _builder_version=&#8221;4.22.2&#8243; _module_preset=&#8221;default&#8221; global_colors_info=&#8221;{}&#8221;][et_pb_column type=&#8221;4_4&#8243; _builder_version=&#8221;4.22.2&#8243; _module_preset=&#8221;default&#8221; global_colors_info=&#8221;{}&#8221;][et_pb_text _builder_version=&#8221;4.24.2&#8243; _module_preset=&#8221;default&#8221; text_font=&#8221;Poppins|600|||||||&#8221; text_text_color=&#8221;#FFFFFF&#8221; text_font_size=&#8221;40px&#8221; text_orientation=&#8221;center&#8221; hover_enabled=&#8221;0&#8243; global_colors_info=&#8221;{}&#8221; sticky_enabled=&#8221;0&#8243;]<\/p>\n<p>COOKIE POLICY FOR IBBF.HU<\/p>\n<p>[\/et_pb_text][et_pb_text _builder_version=&#8221;4.24.2&#8243; _module_preset=&#8221;default&#8221; text_font=&#8221;Poppins|600|||||||&#8221; text_text_color=&#8221;#FFFFFF&#8221; text_font_size=&#8221;40px&#8221; header_text_color=&#8221;#ffffff&#8221; text_orientation=&#8221;center&#8221; background_layout=&#8221;dark&#8221; hover_enabled=&#8221;0&#8243; global_colors_info=&#8221;{}&#8221; sticky_enabled=&#8221;0&#8243;]<\/p>\n<h3 class=\"mt-3\"><span>Last updated: March 29, 2023<\/span><\/h3>\n<p>[\/et_pb_text][\/et_pb_column][\/et_pb_row][et_pb_row _builder_version=&#8221;4.22.2&#8243; _module_preset=&#8221;default&#8221; background_color=&#8221;rgba(224,206,192,0.5)&#8221; width=&#8221;100%&#8221; width_tablet=&#8221;95%&#8221; width_phone=&#8221;95%&#8221; width_last_edited=&#8221;on|phone&#8221; max_width=&#8221;1380px&#8221; module_alignment=&#8221;center&#8221; custom_margin=&#8221;||45px||false|false&#8221; custom_margin_tablet=&#8221;|15px||15px|false|true&#8221; custom_margin_phone=&#8221;|15px||15px|false|true&#8221; custom_margin_last_edited=&#8221;on|tablet&#8221; custom_padding=&#8221;45px|30px|45px|30px|false|true&#8221; custom_css_main_element=&#8221;backdrop-filter:blur(2px);&#8221; border_radii=&#8221;on|20px|20px|20px|20px&#8221; global_colors_info=&#8221;{}&#8221;][et_pb_column type=&#8221;4_4&#8243; _builder_version=&#8221;4.22.2&#8243; _module_preset=&#8221;default&#8221; global_colors_info=&#8221;{}&#8221;][et_pb_text _builder_version=&#8221;4.24.2&#8243; _module_preset=&#8221;default&#8221; text_font=&#8221;Poppins|600|||on||||&#8221; text_text_color=&#8221;#000000&#8243; text_font_size=&#8221;25px&#8221; hover_enabled=&#8221;0&#8243; custom_css_main_element=&#8221;text-decoration: none;&#8221; global_colors_info=&#8221;{}&#8221; sticky_enabled=&#8221;0&#8243;]<\/p>\n<p class=\"mt-5\">This Cookie Policy explains how ibbf.hu (\"us\", \"we\", or \"our\") uses cookies and similar technologies to recognize you when you visit our website and use our services.<\/p>\n<hr \/>\n<p>[\/et_pb_text][et_pb_text _builder_version=&#8221;4.24.2&#8243; _module_preset=&#8221;default&#8221; text_font=&#8221;Poppins|600|||on||||&#8221; text_text_color=&#8221;#000000&#8243; text_font_size=&#8221;25px&#8221; hover_enabled=&#8221;0&#8243; custom_css_main_element=&#8221;text-decoration: none;||color:#000 !important;&#8221; global_colors_info=&#8221;{}&#8221; sticky_enabled=&#8221;0&#8243;]<\/p>\n<p><span style=\"text-decoration: underline;\">What Are Cookies?<\/span><span style=\"text-decoration: underline;\"><\/span><\/p>\n<p><span> Cookies are small text files that are stored on your device (computer or mobile device) when you access our website. They allow us to recognize you and provide you with a more personalized experience. <\/span><\/p>\n<p>[\/et_pb_text][et_pb_text _builder_version=&#8221;4.24.2&#8243; _module_preset=&#8221;default&#8221; text_font=&#8221;Poppins|600|||on||||&#8221; text_text_color=&#8221;#000000&#8243; text_font_size=&#8221;25px&#8221; hover_enabled=&#8221;0&#8243; custom_css_main_element=&#8221;text-decoration: none;||color:#000 !important;&#8221; global_colors_info=&#8221;{}&#8221; sticky_enabled=&#8221;0&#8243;]<\/p>\n<p><span style=\"text-decoration: underline;\">How We Use Cookies<\/span><\/p>\n<p><span> We use cookies for the following purposes: <\/span><span><\/span><\/p>\n<ul>\n<li style=\"list-style-type: none;\">\n<ul class=\"mt-3\">\n<li><span style=\"vertical-align: inherit;\"><span style=\"vertical-align: inherit;\">Authentication: We use cookies to recognize you when you log in to our website.<\/span><\/span><\/li>\n<li><span style=\"vertical-align: inherit;\"><span style=\"vertical-align: inherit;\">Preferences: We use cookies to remember your preferences and settings, such as language preference and font size.<\/span><\/span><\/li>\n<li><span style=\"vertical-align: inherit;\"><span style=\"vertical-align: inherit;\">Analytics: We use cookies to analyze how our website is used and to improve our website's performance and functionality.<\/span><\/span><\/li>\n<li><span style=\"vertical-align: inherit;\"><span style=\"vertical-align: inherit;\">Marketing: We use cookies to personalize your experience and show you relevant advertisements.<\/span><\/span><\/li>\n<\/ul>\n<\/li>\n<\/ul>\n<p>[\/et_pb_text][et_pb_text _builder_version=&#8221;4.24.2&#8243; _module_preset=&#8221;default&#8221; text_font=&#8221;Poppins|600|||on||||&#8221; text_text_color=&#8221;#000000&#8243; text_font_size=&#8221;25px&#8221; hover_enabled=&#8221;0&#8243; custom_css_main_element=&#8221;text-decoration: none;||color:#000 !important;&#8221; global_colors_info=&#8221;{}&#8221; sticky_enabled=&#8221;0&#8243;]<\/p>\n<p><span style=\"text-decoration: underline;\">Third-Party Cookies <\/span><\/p>\n<p><span> We may also use third-party cookies, such as Google Analytics, to gather website usage information and to provide us with data on how to improve our website. <\/span><\/p>\n<p>[\/et_pb_text][et_pb_text _builder_version=&#8221;4.24.2&#8243; _module_preset=&#8221;default&#8221; text_font=&#8221;Poppins|600|||on||||&#8221; text_text_color=&#8221;#000000&#8243; text_font_size=&#8221;25px&#8221; hover_enabled=&#8221;0&#8243; custom_css_main_element=&#8221;text-decoration: none;||color:#000 !important;&#8221; global_colors_info=&#8221;{}&#8221; sticky_enabled=&#8221;0&#8243;]<\/p>\n<p><span style=\"text-decoration: underline;\">Your Cookie Choices<\/span><\/p>\n<p><span> You have the option to accept or decline cookies. You can modify your browser settings to decline cookies if you prefer.\nPlease note that if you disable cookies, you may not be able to access certain features or services on our website. <\/span><\/p>\n<p>[\/et_pb_text][et_pb_text _builder_version=&#8221;4.24.2&#8243; _module_preset=&#8221;default&#8221; text_font=&#8221;Poppins|600|||on||||&#8221; text_text_color=&#8221;#000000&#8243; text_font_size=&#8221;25px&#8221; hover_enabled=&#8221;0&#8243; custom_css_main_element=&#8221;text-decoration: none;||color:#000 !important;&#8221; global_colors_info=&#8221;{}&#8221; sticky_enabled=&#8221;0&#8243;]<\/p>\n<p><span style=\"text-decoration: underline;\">Updates to This Policy<\/span><\/p>\n<p><span> We may update this Cookie Policy from time to time. We recommend that you review this page periodically to stay informed about our use of cookies. <\/span><\/p>\n<p>[\/et_pb_text][et_pb_text _builder_version=&#8221;4.24.2&#8243; _module_preset=&#8221;default&#8221; text_font=&#8221;Poppins|600|||on||||&#8221; text_text_color=&#8221;#000000&#8243; text_font_size=&#8221;25px&#8221; hover_enabled=&#8221;0&#8243; custom_css_main_element=&#8221;text-decoration: none;||color:#000 !important;&#8221; global_colors_info=&#8221;{}&#8221; sticky_enabled=&#8221;0&#8243;]<\/p>\n<p><span style=\"text-decoration: underline;\">Legal Compliance<\/span><\/p>\n<p><span> By using our website, you consent to our use of cookies in accordance with this Cookie Policy. We comply with all applicable data protection and privacy laws, including the\u202fEU General Data Protection Regulation\u202f(GDPR) and the\u202fCalifornia Consumer Privacy Act\u202f(CCPA). <\/span><\/p>\n<p>[\/et_pb_text][et_pb_text _builder_version=&#8221;4.24.2&#8243; _module_preset=&#8221;default&#8221; text_font=&#8221;Poppins|600|||on||||&#8221; text_text_color=&#8221;#000000&#8243; text_font_size=&#8221;25px&#8221; hover_enabled=&#8221;0&#8243; custom_css_main_element=&#8221;text-decoration: none;||color:#000 !important;&#8221; global_colors_info=&#8221;{}&#8221; sticky_enabled=&#8221;0&#8243;]<\/p>\n<p><span style=\"text-decoration: underline;\">Contact Us<\/span><\/p>\n<p class=\" translation-block\"><span> If you have any questions about our use of cookies, please contact us at <a href=\"mailto:ibbf@ibbf.hu\" target=\"_blank\" rel=\"noopener\">ibbf@ibbf.hu<\/a>.<\/span><\/p>\n<p>[\/et_pb_text][\/et_pb_column][\/et_pb_row][et_pb_row _builder_version=&#8221;4.23&#8243; _module_preset=&#8221;default&#8221; background_image=&#8221;https:\/\/new.ibbf.hu\/wp-content\/uploads\/2023\/10\/bg_events.jpg&#8221; positioning=&#8221;fixed&#8221; position_origin_a=&#8221;top_center&#8221; position_origin_f=&#8221;top_center&#8221; z_index=&#8221;-1&#8243; width=&#8221;100%&#8221; max_width=&#8221;1920px&#8221; custom_css_main_element=&#8221;width:100%;||height:100vh;&#8221; locked=&#8221;off&#8221; global_colors_info=&#8221;{}&#8221;][et_pb_column type=&#8221;4_4&#8243; _builder_version=&#8221;4.23&#8243; _module_preset=&#8221;default&#8221; global_colors_info=&#8221;{}&#8221;][\/et_pb_column][\/et_pb_row][\/et_pb_section]<\/p>","protected":false},"excerpt":{"rendered":"<p>AZ IBBF.HU COOKIE-SZAB\u00c1LYZATAUtols\u00f3 friss\u00edt\u00e9s: 2023. m\u00e1rcius 29.Ez a Cookie-szab\u00e1lyzat elmagyar\u00e1zza, hogy az ibbf.hu mik\u00e9nt haszn\u00e1l cookie-kat \u00e9s hasonl\u00f3 technol\u00f3gi\u00e1kat, hogy felismerje \u00d6nt, amikor megl\u00e1togatja webhely\u00fcnket \u00e9s haszn\u00e1lja szolg\u00e1ltat\u00e1sainkat. Mik azok a Cookie-k? A cookie-k kis sz\u00f6veges f\u00e1jlok, amelyek az \u00d6n eszk\u00f6z\u00e9n (sz\u00e1m\u00edt\u00f3g\u00e9p\u00e9n vagy mobileszk\u00f6z\u00e9n) t\u00e1rol\u00f3dnak, amikor bel\u00e9p weboldalunkra. Hogyan haszn\u00e1ljuk a Cookie-kat? A s\u00fctiket a [&hellip;]<\/p>","protected":false},"author":4,"featured_media":0,"parent":0,"menu_order":0,"comment_status":"closed","ping_status":"closed","template":"","meta":{"_et_pb_use_builder":"on","_et_pb_old_content":"","_et_gb_content_width":"","content-type":"","footnotes":""},"class_list":["post-4074","page","type-page","status-publish","hentry"],"_links":{"self":[{"href":"https:\/\/ibbf.hu\/en\/wp-json\/wp\/v2\/pages\/4074","targetHints":{"allow":["GET"]}}],"collection":[{"href":"https:\/\/ibbf.hu\/en\/wp-json\/wp\/v2\/pages"}],"about":[{"href":"https:\/\/ibbf.hu\/en\/wp-json\/wp\/v2\/types\/page"}],"author":[{"embeddable":true,"href":"https:\/\/ibbf.hu\/en\/wp-json\/wp\/v2\/users\/4"}],"replies":[{"embeddable":true,"href":"https:\/\/ibbf.hu\/en\/wp-json\/wp\/v2\/comments?post=4074"}],"version-history":[{"count":6,"href":"https:\/\/ibbf.hu\/en\/wp-json\/wp\/v2\/pages\/4074\/revisions"}],"predecessor-version":[{"id":4274,"href":"https:\/\/ibbf.hu\/en\/wp-json\/wp\/v2\/pages\/4074\/revisions\/4274"}],"wp:attachment":[{"href":"https:\/\/ibbf.hu\/en\/wp-json\/wp\/v2\/media?parent=4074"}],"curies":[{"name":"wp","href":"https:\/\/api.w.org\/{rel}","templated":true}]}}