{"id":4083,"date":"2024-02-15T17:08:47","date_gmt":"2024-02-15T17:08:47","guid":{"rendered":"https:\/\/new.ibbf.hu\/?page_id=4083"},"modified":"2024-03-27T12:15:30","modified_gmt":"2024-03-27T12:15:30","slug":"privacy-policy","status":"publish","type":"page","link":"https:\/\/ibbf.hu\/en\/privacy-policy\/","title":{"rendered":"Privacy Policy"},"content":{"rendered":"<p>[et_pb_section fb_built=&#8221;1&#8243; inner_shadow=&#8221;on&#8221; module_class=&#8221;can-blurred&#8221; _builder_version=&#8221;4.24.1&#8243; _module_preset=&#8221;default&#8221; background_color=&#8221;RGBA(255,255,255,0)&#8221; background_image=&#8221;https:\/\/ibbf.hu\/wp-content\/uploads\/2023\/10\/bg_events.jpg&#8221; vertical_offset=&#8221;-76px&#8221; max_width=&#8221;1920px&#8221; module_alignment=&#8221;center&#8221; custom_margin=&#8221;||-77px||false|false&#8221; custom_margin_tablet=&#8221;0px||||false|false&#8221; custom_margin_phone=&#8221;||||false|false&#8221; custom_margin_last_edited=&#8221;on|phone&#8221; custom_padding=&#8221;90px||30px||false|false&#8221; background_last_edited=&#8221;on|desktop&#8221; background_enable_mask_style_phone=&#8221;off&#8221; background_mask_color_phone=&#8221;#dbeeed&#8221; background_mask_aspect_ratio_phone=&#8221;square&#8221; background_mask_size_phone=&#8221;cover&#8221; background_mask_position_phone=&#8221;top_center&#8221; custom_css_main_element=&#8221;border-bottom: 0 !important;||background-attachment: fixed;&#8221; da_disable_devices=&#8221;off|off|off&#8221; border_color_all=&#8221;RGBA(255,255,255,0)&#8221; border_style_all=&#8221;none&#8221; locked=&#8221;off&#8221; global_colors_info=&#8221;{}&#8221; custom_css_main_element_last_edited=&#8221;on|tablet&#8221; custom_css_main_element_tablet=&#8221;border-bottom: 0 !important;&#8221; custom_css_main_element_phone=&#8221;border-bottom: 0 !important;&#8221; da_is_popup=&#8221;off&#8221; da_exit_intent=&#8221;off&#8221; da_has_close=&#8221;on&#8221; da_alt_close=&#8221;off&#8221; da_dark_close=&#8221;off&#8221; da_not_modal=&#8221;on&#8221; da_is_singular=&#8221;off&#8221; da_with_loader=&#8221;off&#8221; da_has_shadow=&#8221;on&#8221;][et_pb_row _builder_version=&#8221;4.22.2&#8243; _module_preset=&#8221;default&#8221; global_colors_info=&#8221;{}&#8221;][et_pb_column type=&#8221;4_4&#8243; _builder_version=&#8221;4.22.2&#8243; _module_preset=&#8221;default&#8221; global_colors_info=&#8221;{}&#8221;][et_pb_text _builder_version=&#8221;4.24.2&#8243; _module_preset=&#8221;default&#8221; text_font=&#8221;Poppins|600|||||||&#8221; text_text_color=&#8221;#FFFFFF&#8221; text_font_size=&#8221;40px&#8221; text_line_height=&#8221;1.8em&#8221; text_orientation=&#8221;center&#8221; hover_enabled=&#8221;0&#8243; text_font_size_tablet=&#8221;25px&#8221; text_font_size_phone=&#8221;17px&#8221; text_font_size_last_edited=&#8221;on|phone&#8221; text_line_height_tablet=&#8221;1em&#8221; text_line_height_phone=&#8221;1em&#8221; text_line_height_last_edited=&#8221;on|tablet&#8221; global_colors_info=&#8221;{}&#8221; sticky_enabled=&#8221;0&#8243;]<\/p>\n<p style=\"text-align: center;\" class=\" translation-block\">Visoft Ltd. \u2013 Privacy policy for \u201cInternational Budapest Bridge Festival\u201d registrations<\/p>\n<p>[\/et_pb_text][\/et_pb_column][\/et_pb_row][et_pb_row _builder_version=&#8221;4.22.2&#8243; _module_preset=&#8221;default&#8221; background_color=&#8221;rgba(224,206,192,0.5)&#8221; width=&#8221;100%&#8221; width_tablet=&#8221;95%&#8221; width_phone=&#8221;95%&#8221; width_last_edited=&#8221;on|phone&#8221; max_width=&#8221;1380px&#8221; module_alignment=&#8221;center&#8221; custom_margin=&#8221;||45px||false|false&#8221; custom_margin_tablet=&#8221;|15px||15px|false|true&#8221; custom_margin_phone=&#8221;|15px||15px|false|true&#8221; custom_margin_last_edited=&#8221;on|tablet&#8221; custom_padding=&#8221;45px|30px|45px|30px|false|true&#8221; custom_css_main_element=&#8221;backdrop-filter:blur(2px);&#8221; border_radii=&#8221;on|20px|20px|20px|20px&#8221; global_colors_info=&#8221;{}&#8221;][et_pb_column type=&#8221;4_4&#8243; _builder_version=&#8221;4.22.2&#8243; _module_preset=&#8221;default&#8221; global_colors_info=&#8221;{}&#8221;][et_pb_text _builder_version=&#8221;4.24.2&#8243; _module_preset=&#8221;default&#8221; text_font=&#8221;Poppins|600|||on||||&#8221; text_text_color=&#8221;#000000&#8243; text_font_size=&#8221;25px&#8221; hover_enabled=&#8221;0&#8243; text_font_size_tablet=&#8221;18px&#8221; text_font_size_phone=&#8221;18px&#8221; text_font_size_last_edited=&#8221;on|phone&#8221; custom_css_main_element=&#8221;text-decoration: none;&#8221; global_colors_info=&#8221;{}&#8221; sticky_enabled=&#8221;0&#8243;]<\/p>\n<p style=\"text-align: center;\"><b><span data-contrast=\"none\">Privacy Policy<\/span><\/b><span data-ccp-props=\"{&quot;134233117&quot;:true,&quot;134233118&quot;:true,&quot;201341983&quot;:0,&quot;335551550&quot;:2,&quot;335551620&quot;:2,&quot;335559739&quot;:160,&quot;335559740&quot;:240}\">\u00a0<\/span><\/p>\n<p style=\"text-align: center;\"><b><span data-contrast=\"none\">In connection with the \u201cInternational Budapest Bridge Festival\u201d<\/span><\/b><span data-ccp-props=\"{&quot;134233117&quot;:true,&quot;134233118&quot;:true,&quot;201341983&quot;:0,&quot;335551550&quot;:2,&quot;335551620&quot;:2,&quot;335559739&quot;:160,&quot;335559740&quot;:240}\">\u00a0<\/span><\/p>\n<p style=\"text-align: center;\"><b><span data-contrast=\"none\">Organized by Visoft Ltd.<\/span><\/b><\/p>\n<p>&nbsp;<\/p>\n<hr \/>\n<p>[\/et_pb_text][et_pb_text _builder_version=&#8221;4.24.2&#8243; _module_preset=&#8221;default&#8221; text_font=&#8221;Poppins|600|||on||||&#8221; text_text_color=&#8221;#000000&#8243; text_font_size=&#8221;25px&#8221; hover_enabled=&#8221;0&#8243; text_font_size_tablet=&#8221;18px&#8221; text_font_size_phone=&#8221;18px&#8221; text_font_size_last_edited=&#8221;on|phone&#8221; custom_css_main_element=&#8221;text-decoration: none;&#8221; global_colors_info=&#8221;{}&#8221; header_font=&#8221;Poppins|600|||||||&#8221; sticky_enabled=&#8221;0&#8243;]<\/p>\n<p><strong>Purpose of the information<\/strong><\/p>\n<p><strong>Regulation (EU) 2016\/679 of the European Parliament and of the Council (April 27, 2016) (hereinafter: GDPR) on the protection of natural persons with regard to the processing of personal data and on the free flow of such data and repealing Regulation 95\/46\/EC, and the Freedom of Information Act CXII of 2011 (hereinafter: Infolaw.), the<\/strong>\u00a0<strong>Visoft Ltd.  (hereinafter: Organizer) publishes the following information in connection with the registration related to the \u201cInternational Budapest Bridge Festival\u201d (hereinafter: IBBF) and the data processing during participation in the IBBF.<\/strong><\/p>\n<p>[\/et_pb_text][et_pb_text _builder_version=&#8221;4.24.2&#8243; _module_preset=&#8221;default&#8221; text_font=&#8221;Poppins|600|||on||||&#8221; text_text_color=&#8221;#000000&#8243; text_font_size=&#8221;25px&#8221; hover_enabled=&#8221;0&#8243; text_font_size_tablet=&#8221;18px&#8221; text_font_size_phone=&#8221;18px&#8221; text_font_size_last_edited=&#8221;on|phone&#8221; custom_css_main_element=&#8221;text-decoration: none;&#8221; global_colors_info=&#8221;{}&#8221; sticky_enabled=&#8221;0&#8243;]<\/p>\n<p><strong>1. The person of the data controller and the place of data management<\/strong><\/p>\n<p><strong>Data controller: Visoft Ltd.<br \/>registered office: \t1118 Budapest, Buda\u00f6rsi \u00fat 64.<br \/>tax number: 12978881-2-43<br \/>contact information: <a href=\"mailto:info@lovebridge.com\">ibbf@ibbf.hu<\/a><br \/>represented by: Managing Director Gyula B\u00f3dis<\/strong><\/p>\n<hr \/>\n<p>[\/et_pb_text][et_pb_text _builder_version=&#8221;4.24.2&#8243; _module_preset=&#8221;default&#8221; text_font=&#8221;Poppins|600|||on||||&#8221; text_text_color=&#8221;#000000&#8243; text_font_size=&#8221;25px&#8221; hover_enabled=&#8221;0&#8243; text_font_size_tablet=&#8221;18px&#8221; text_font_size_phone=&#8221;18px&#8221; text_font_size_last_edited=&#8221;on|phone&#8221; custom_css_main_element=&#8221;text-decoration: none;&#8221; global_colors_info=&#8221;{}&#8221; sticky_enabled=&#8221;0&#8243;]<\/p>\n<p><strong>2. The purpose, legal basis and duration of the processing of personal data<\/strong><\/p>\n<p>[\/et_pb_text][et_pb_text _builder_version=&#8221;4.24.2&#8243; _module_preset=&#8221;default&#8221; text_font=&#8221;Poppins||||on||||&#8221; text_text_color=&#8221;#000000&#8243; text_font_size=&#8221;25px&#8221; hover_enabled=&#8221;0&#8243; text_font_size_tablet=&#8221;18px&#8221; text_font_size_phone=&#8221;18px&#8221; text_font_size_last_edited=&#8221;on|phone&#8221; custom_css_main_element=&#8221;text-decoration: none;&#8221; global_colors_info=&#8221;{}&#8221; sticky_enabled=&#8221;0&#8243;]<\/p>\n<p><strong>2.1 Data management related to the application (registration) for IBBF announced by the Organizer<br \/><\/strong><\/p>\n<p><strong>The Organizer holds the IBBF event, where participation is subject to registration.<\/strong><\/p>\n<p>&nbsp;<\/p>\n<p>[\/et_pb_text][et_pb_text _builder_version=&#8221;4.24.0&#8243; _module_preset=&#8221;default&#8221; text_font=&#8221;Cera Medium||||on||||&#8221; text_text_color=&#8221;#000000&#8243; text_font_size=&#8221;25px&#8221; text_font_size_tablet=&#8221;18px&#8221; text_font_size_phone=&#8221;18px&#8221; text_font_size_last_edited=&#8221;on|phone&#8221; custom_css_main_element=&#8221;text-decoration: none;&#8221; global_colors_info=&#8221;{}&#8221;]<\/p>\n<p><span style=\"text-decoration: underline;\"><strong>Scope of processed data<\/strong><\/span><\/p>\n<p><strong>Mandatory data for registration, without which registration is unsuccessful:<\/strong><\/p>\n<p><strong>\u2013 player\u2019s name (first and last name), e-mail address, NBO code, their entitlement to discount, and<\/strong><br \/><strong>\u2013 az IBBF megszervez\u00e9s\u00e9hez sz\u00fcks\u00e9ges egy\u00e9b inform\u00e1ci\u00f3k (versenysz\u00e1m megjel\u00f6l\u00e9se, amelyen a j\u00e1t\u00e9kos r\u00e9szt szeretne venni).<\/strong><\/p>\n<p>[\/et_pb_text][et_pb_text _builder_version=&#8221;4.24.0&#8243; _module_preset=&#8221;default&#8221; text_font=&#8221;Cera Medium||||on||||&#8221; text_text_color=&#8221;#000000&#8243; text_font_size=&#8221;25px&#8221; text_font_size_tablet=&#8221;18px&#8221; text_font_size_phone=&#8221;18px&#8221; text_font_size_last_edited=&#8221;on|phone&#8221; custom_css_main_element=&#8221;text-decoration: none;&#8221; global_colors_info=&#8221;{}&#8221;]<\/p>\n<p><span style=\"text-decoration: underline;\"><strong>Source of data<\/strong><\/span><\/p>\n<p><strong>The data subject.<\/strong><\/p>\n<p>[\/et_pb_text][et_pb_text _builder_version=&#8221;4.24.0&#8243; _module_preset=&#8221;default&#8221; text_font=&#8221;Cera Medium||||on||||&#8221; text_text_color=&#8221;#000000&#8243; text_font_size=&#8221;25px&#8221; text_font_size_tablet=&#8221;18px&#8221; text_font_size_phone=&#8221;18px&#8221; text_font_size_last_edited=&#8221;on|phone&#8221; custom_css_main_element=&#8221;text-decoration: none;&#8221; global_colors_info=&#8221;{}&#8221;]<\/p>\n<p><span style=\"text-decoration: underline;\"><strong>Purpose of data management<\/strong><\/span><\/p>\n<p><strong>Registration for the IBBF, confirmation of registration, the organization of the event and display of the results in online and offline forms.<\/strong><\/p>\n<p>[\/et_pb_text][et_pb_text _builder_version=&#8221;4.24.0&#8243; _module_preset=&#8221;default&#8221; text_font=&#8221;Cera Medium||||on||||&#8221; text_text_color=&#8221;#000000&#8243; text_font_size=&#8221;25px&#8221; text_font_size_tablet=&#8221;18px&#8221; text_font_size_phone=&#8221;18px&#8221; text_font_size_last_edited=&#8221;on|phone&#8221; custom_css_main_element=&#8221;text-decoration: none;&#8221; global_colors_info=&#8221;{}&#8221;]<\/p>\n<p><span style=\"text-decoration: underline;\"><strong>Legal basis for data management<\/strong><\/span><\/p>\n<p><strong>Article 6, paragraph (1) point a) of the GDPR, i.e. the consent of the data subject, which consent is given by filling out the registration form.<\/strong><\/p>\n<p><strong>You can withdraw your consent at any time by sending a request to any of the contact details listed in this information sheet or published on the Organizer's website, in which case the personal data processed on the basis of consent will be deleted immediately. Please note that withdrawing your consent means cancelling your registration, which prevents you from participating on the IBBF.<\/strong><\/p>\n<p>[\/et_pb_text][et_pb_text _builder_version=&#8221;4.24.0&#8243; _module_preset=&#8221;default&#8221; text_font=&#8221;Cera Medium||||on||||&#8221; text_text_color=&#8221;#000000&#8243; text_font_size=&#8221;25px&#8221; text_font_size_tablet=&#8221;18px&#8221; text_font_size_phone=&#8221;18px&#8221; text_font_size_last_edited=&#8221;on|phone&#8221; custom_css_main_element=&#8221;text-decoration: none;&#8221; global_colors_info=&#8221;{}&#8221;]<\/p>\n<p><span style=\"text-decoration: underline;\"><strong>Duration of data management<\/strong><\/span><\/p>\n<p><strong>We will retain your personal data (name, NBO code) indefinitely in our database for future tournaments organized by our Organizer.<\/strong><\/p>\n<p>[\/et_pb_text][et_pb_text _builder_version=&#8221;4.24.0&#8243; _module_preset=&#8221;default&#8221; text_font=&#8221;Cera Medium||||on||||&#8221; text_text_color=&#8221;#000000&#8243; text_font_size=&#8221;25px&#8221; text_font_size_tablet=&#8221;18px&#8221; text_font_size_phone=&#8221;18px&#8221; text_font_size_last_edited=&#8221;on|phone&#8221; custom_css_main_element=&#8221;text-decoration: none;&#8221; global_colors_info=&#8221;{}&#8221;]<\/p>\n<p><span style=\"text-decoration: underline;\"><strong>Data processor<\/strong><\/span><\/p>\n<p><strong>Storage place provider.<\/strong><\/p>\n<p><strong>Developers and operators of online systems related to registration:<\/strong><\/p>\n<ul>\n<li><strong>Google (Apps, Mailing, stb), Google LLC, Mountain View, California, USA.<\/strong><\/li>\n<li><strong>Visoft Ltd. (LoveBridge)<\/strong><\/li>\n<\/ul>\n<p><strong>The data processing of the listed systems is carried out according to their own data protection policy. In this regard, please read the privacy policies directly on the third party's website and further information about their data processing practices.<\/strong><\/p>\n<p>[\/et_pb_text][et_pb_text _builder_version=&#8221;4.24.1&#8243; _module_preset=&#8221;default&#8221; text_font=&#8221;Cera Medium||||on||||&#8221; text_text_color=&#8221;#000000&#8243; text_font_size=&#8221;25px&#8221; text_font_size_tablet=&#8221;18px&#8221; text_font_size_phone=&#8221;18px&#8221; text_font_size_last_edited=&#8221;on|phone&#8221; custom_css_main_element=&#8221;text-decoration: none;&#8221; global_colors_info=&#8221;{}&#8221;]<\/p>\n<p><strong>2.2 Nyilv\u00e1noss\u00e1gra hozott adatok<\/strong><strong><\/strong><\/p>\n<p><strong>As a condition of entry to any LoveBridge event, the Conditions of Contest state that photographs taken during the event may be published on the relevant website for that event and may be used by either the LoveBridge or another bridge organisation for publications relating to that event or for the general promotion of bridge.<\/strong><\/p>\n<p><strong>The player's name will appear on the LoveBridge results website in order to display the results of the different events.<\/strong><\/p>\n<p>[\/et_pb_text][et_pb_text _builder_version=&#8221;4.24.0&#8243; _module_preset=&#8221;default&#8221; text_font=&#8221;Cera Medium||||on||||&#8221; text_text_color=&#8221;#000000&#8243; text_font_size=&#8221;25px&#8221; text_font_size_tablet=&#8221;18px&#8221; text_font_size_phone=&#8221;18px&#8221; text_font_size_last_edited=&#8221;on|phone&#8221; custom_css_main_element=&#8221;text-decoration: none;&#8221; global_colors_info=&#8221;{}&#8221;]<\/p>\n<p><strong>2.3 Data held but not published<\/strong><\/p>\n<p><strong>The players\u2019 e-mail addresses, NBO codes, and their entitlement to discounts are held separately and not published on the website or in any public area.<\/strong><\/p>\n<hr \/>\n<p>[\/et_pb_text][et_pb_text _builder_version=&#8221;4.24.0&#8243; _module_preset=&#8221;default&#8221; text_font=&#8221;Cera Medium||||on||||&#8221; text_text_color=&#8221;#000000&#8243; text_font_size=&#8221;25px&#8221; text_font_size_tablet=&#8221;18px&#8221; text_font_size_phone=&#8221;18px&#8221; text_font_size_last_edited=&#8221;on|phone&#8221; custom_css_main_element=&#8221;text-decoration: none;&#8221; global_colors_info=&#8221;{}&#8221;]<\/p>\n<p><strong>3. Az \u00e9rintett adatkezel\u00e9ssel kapcsolatos legfontosabb jogai<\/strong><\/p>\n<p><strong>In some regions (like the EEA, UK, and Canada), you have certain rights under applicable data protection laws. These may include the right (i) to request access and obtain a copy of your personal information, (ii) to request rectification or erasure; (iii) to restrict the processing of your personal information; and (iv) if applicable, to data portability. In certain circumstances, you may also have the right to object to the processing of your personal information. You can make such a request by emailing us at ibbf@ibbf.hu.<\/strong><\/p>\n<p><strong>We will consider and act upon any request in accordance with applicable data protection laws.<\/strong><\/p>\n<p><strong>If you are located in the EEA or UK and you believe we are unlawfully processing your personal information, you also have the right to complain to your local data protection supervisory authority. You can find their contact details here: https:\/\/ec.europa.eu\/justice\/data-protection\/bodies\/authorities\/index_en.htm.<\/strong><\/p>\n<p><strong>If you are located in Switzerland, the contact details for the data protection authorities are available here: https:\/\/www.edoeb.admin.ch\/edoeb\/en\/home.html.<\/strong><\/p>\n<p><strong>Withdrawing your consent: If we are relying on your consent to process your personal information, which may be express and\/or implied consent depending on the applicable law, you have the right to withdraw your consent at any time. You can withdraw your consent at any time by contacting us by emailing us at ibbf@ibbf.hu.<\/strong><\/p>\n<p><strong>However, please note that this will not affect the lawfulness of the processing before its withdrawal nor, when applicable law allows, will it affect the processing of your personal information conducted in reliance on lawful processing grounds other than consent.<\/strong><\/p>\n<p><strong>Cookies and similar technologies: Most Web browsers are set to accept cookies by default. If you prefer, you can usually choose to set your browser to remove cookies and to reject cookies. If you choose to remove cookies or reject cookies, this could affect certain features or services of our Services. To opt out of interest-based advertising by advertisers on our Services visit http:\/\/www.aboutads.info\/choices\/. For further information, please see our Cookie Notice: https:\/\/lovebridge.com\/cookie-policy\/<\/strong><\/p>\n<p><strong>If you have questions or comments about your privacy rights, you may email us at ibbf@ibbf.hu.<\/strong><\/p>\n<p><strong>Budapest, October 30, 2023.<\/strong><\/p>\n<p>&nbsp;<\/p>\n<p><strong>Gyula B\u00f3dis<br \/>Managing Director<\/strong><\/p>\n<p>[\/et_pb_text][\/et_pb_column][\/et_pb_row][et_pb_row _builder_version=&#8221;4.23&#8243; _module_preset=&#8221;default&#8221; background_image=&#8221;https:\/\/new.ibbf.hu\/wp-content\/uploads\/2023\/10\/bg_events.jpg&#8221; positioning=&#8221;fixed&#8221; position_origin_a=&#8221;top_center&#8221; position_origin_f=&#8221;top_center&#8221; z_index=&#8221;-1&#8243; width=&#8221;100%&#8221; max_width=&#8221;1920px&#8221; custom_css_main_element=&#8221;width:100%;||height:100vh;&#8221; locked=&#8221;off&#8221; global_colors_info=&#8221;{}&#8221;][et_pb_column type=&#8221;4_4&#8243; _builder_version=&#8221;4.23&#8243; _module_preset=&#8221;default&#8221; global_colors_info=&#8221;{}&#8221;][\/et_pb_column][\/et_pb_row][\/et_pb_section]<\/p>","protected":false},"excerpt":{"rendered":"<p>Visoft Kft. \u2013 Adatkezel\u00e9si t\u00e1j\u00e9koztat\u00f3 a Budapesti Nemzetk\u00f6zi Bridzs Fesztiv\u00e1lra regisztr\u00e1l\u00f3k r\u00e9sz\u00e9re\u00a0Adatkezel\u00e9si t\u00e1j\u00e9koztat\u00f3\u00a0 a Visoft Kft. \u00e1ltal szervezett Budapesti Nemzetk\u00f6zi Bridzs Fesztiv\u00e1llal (IBBF)\u00a0 \u00f6sszef\u00fcgg\u00e9sben megval\u00f3sul\u00f3 adatkezel\u00e9s t\u00e1rgy\u00e1ban &nbsp; A t\u00e1j\u00e9koztat\u00f3 c\u00e9lja A term\u00e9szetes szem\u00e9lyeknek a szem\u00e9lyes adatok kezel\u00e9se tekintet\u00e9ben t\u00f6rt\u00e9n\u0151 v\u00e9delm\u00e9r\u0151l \u00e9s az ilyen adatok szabad \u00e1raml\u00e1s\u00e1r\u00f3l, valamint a 95\/46\/EK rendelet hat\u00e1lyon k\u00edv\u00fcl helyez\u00e9s\u00e9r\u0151l sz\u00f3l\u00f3, [&hellip;]<\/p>","protected":false},"author":4,"featured_media":4120,"parent":0,"menu_order":0,"comment_status":"closed","ping_status":"closed","template":"","meta":{"_et_pb_use_builder":"on","_et_pb_old_content":"","_et_gb_content_width":"","content-type":"","footnotes":""},"class_list":["post-4083","page","type-page","status-publish","has-post-thumbnail","hentry"],"_links":{"self":[{"href":"https:\/\/ibbf.hu\/en\/wp-json\/wp\/v2\/pages\/4083","targetHints":{"allow":["GET"]}}],"collection":[{"href":"https:\/\/ibbf.hu\/en\/wp-json\/wp\/v2\/pages"}],"about":[{"href":"https:\/\/ibbf.hu\/en\/wp-json\/wp\/v2\/types\/page"}],"author":[{"embeddable":true,"href":"https:\/\/ibbf.hu\/en\/wp-json\/wp\/v2\/users\/4"}],"replies":[{"embeddable":true,"href":"https:\/\/ibbf.hu\/en\/wp-json\/wp\/v2\/comments?post=4083"}],"version-history":[{"count":12,"href":"https:\/\/ibbf.hu\/en\/wp-json\/wp\/v2\/pages\/4083\/revisions"}],"predecessor-version":[{"id":4752,"href":"https:\/\/ibbf.hu\/en\/wp-json\/wp\/v2\/pages\/4083\/revisions\/4752"}],"wp:featuredmedia":[{"embeddable":true,"href":"https:\/\/ibbf.hu\/en\/wp-json\/wp\/v2\/media\/4120"}],"wp:attachment":[{"href":"https:\/\/ibbf.hu\/en\/wp-json\/wp\/v2\/media?parent=4083"}],"curies":[{"name":"wp","href":"https:\/\/api.w.org\/{rel}","templated":true}]}}