{"id":4747,"date":"2025-09-15T08:33:59","date_gmt":"2025-09-15T08:33:59","guid":{"rendered":"https:\/\/ibbf.hu\/?page_id=4747"},"modified":"2025-09-15T12:00:41","modified_gmt":"2025-09-15T12:00:41","slug":"accommodation","status":"publish","type":"page","link":"https:\/\/ibbf.hu\/en\/accommodation\/","title":{"rendered":"Accommodation"},"content":{"rendered":"[et_pb_section fb_built=&#8221;1&#8243; inner_shadow=&#8221;on&#8221; module_class=&#8221;can-blurred&#8221; _builder_version=&#8221;4.24.1&#8243; _module_preset=&#8221;default&#8221; background_color=&#8221;RGBA(255,255,255,0)&#8221; background_image=&#8221;https:\/\/ibbf.hu\/wp-content\/uploads\/2023\/10\/bg_events.jpg&#8221; vertical_offset=&#8221;-76px&#8221; max_width=&#8221;1920px&#8221; module_alignment=&#8221;center&#8221; custom_margin=&#8221;||-77px||false|false&#8221; custom_margin_tablet=&#8221;0px||||false|false&#8221; custom_margin_phone=&#8221;||||false|false&#8221; custom_margin_last_edited=&#8221;on|phone&#8221; custom_padding=&#8221;90px||30px||false|false&#8221; background_last_edited=&#8221;on|desktop&#8221; background_enable_mask_style_phone=&#8221;off&#8221; background_mask_color_phone=&#8221;#dbeeed&#8221; background_mask_aspect_ratio_phone=&#8221;square&#8221; background_mask_size_phone=&#8221;cover&#8221; background_mask_position_phone=&#8221;top_center&#8221; custom_css_main_element=&#8221;border-bottom: 0 !important;||background-attachment: fixed;&#8221; da_disable_devices=&#8221;off|off|off&#8221; border_color_all=&#8221;RGBA(255,255,255,0)&#8221; border_style_all=&#8221;none&#8221; locked=&#8221;off&#8221; global_colors_info=&#8221;{}&#8221; custom_css_main_element_last_edited=&#8221;on|tablet&#8221; custom_css_main_element_tablet=&#8221;border-bottom: 0 !important;&#8221; custom_css_main_element_phone=&#8221;border-bottom: 0 !important;&#8221; da_is_popup=&#8221;off&#8221; da_exit_intent=&#8221;off&#8221; da_has_close=&#8221;on&#8221; da_alt_close=&#8221;off&#8221; da_dark_close=&#8221;off&#8221; da_not_modal=&#8221;on&#8221; da_is_singular=&#8221;off&#8221; da_with_loader=&#8221;off&#8221; da_has_shadow=&#8221;on&#8221;][et_pb_row _builder_version=&#8221;4.24.1&#8243; _module_preset=&#8221;default&#8221; global_colors_info=&#8221;{}&#8221;][et_pb_column type=&#8221;4_4&#8243; _builder_version=&#8221;4.24.1&#8243; _module_preset=&#8221;default&#8221; global_colors_info=&#8221;{}&#8221;][et_pb_text _builder_version=&#8221;4.27.4&#8243; _module_preset=&#8221;default&#8221; text_font=&#8221;Poppins|600|||||||&#8221; text_text_color=&#8221;#FFFFFF&#8221; text_font_size=&#8221;40px&#8221; text_orientation=&#8221;center&#8221; text_font_size_tablet=&#8221;30px&#8221; text_font_size_phone=&#8221;24px&#8221; text_font_size_last_edited=&#8221;on|phone&#8221; global_colors_info=&#8221;{}&#8221;]<p>ACCOMMODATION<\/p>[\/et_pb_text][\/et_pb_column][\/et_pb_row][et_pb_row _builder_version=&#8221;4.27.4&#8243; _module_preset=&#8221;default&#8221; background_color=&#8221;rgba(224,206,192,0.5)&#8221; width=&#8221;100%&#8221; width_tablet=&#8221;95%&#8221; width_phone=&#8221;95%&#8221; width_last_edited=&#8221;on|phone&#8221; max_width=&#8221;576px&#8221; module_alignment=&#8221;center&#8221; custom_margin=&#8221;||45px||false|false&#8221; custom_margin_tablet=&#8221;||||false|true&#8221; custom_margin_phone=&#8221;||||false|true&#8221; custom_margin_last_edited=&#8221;on|phone&#8221; custom_padding=&#8221;45px|30px|45px|30px|false|true&#8221; hover_enabled=&#8221;0&#8243; custom_css_main_element=&#8221;backdrop-filter:blur(2px);&#8221; border_radii=&#8221;on|20px|20px|20px|20px&#8221; global_colors_info=&#8221;{}&#8221; sticky_enabled=&#8221;0&#8243;][et_pb_column type=&#8221;4_4&#8243; _builder_version=&#8221;4.22.2&#8243; _module_preset=&#8221;default&#8221; global_colors_info=&#8221;{}&#8221;][et_pb_text _builder_version=&#8221;4.27.4&#8243; _module_preset=&#8221;default&#8221; text_font=&#8221;Poppins|600|||||||&#8221; text_text_color=&#8221;#000000&#8243; text_font_size=&#8221;18px&#8221; global_colors_info=&#8221;{}&#8221;]<p class=\" translation-block\">The IBIS Styles Budapest City Hotel*** nearby the tournament venue offers discounted room rates for the participants of IBBF2025 and their guests. For reservation, please fill out the <a href=\"https:\/\/ibbf.hu\/wp-content\/uploads\/2025\/09\/Budapest-Bridzs-Fesztival.pdf\" target=\"_blank\" rel=\"noopener\" style=\"color: #800000;text-decoration: underline\">Reservation form<\/a> and send it via email to <a class=\"Hyperlink SCXW34237499 BCX0\" href=\"mailto:H2025-re1@accor.com\" target=\"_blank\" rel=\"noreferrer noopener\" style=\"color: #800000;text-decoration: underline\"><span data-contrast=\"none\" xml:lang=\"HU-HU\" lang=\"HU-HU\" class=\"TextRun Underlined SCXW34237499 BCX0\"><span class=\"NormalTextRun SCXW34237499 BCX0\" data-ccp-charstyle=\"Hyperlink\">H2025-re1@accor.com<\/span><\/span><\/a><\/p>[\/et_pb_text][et_pb_text _builder_version=&#8221;4.27.4&#8243; _module_preset=&#8221;default&#8221; text_font=&#8221;Poppins|600|||||||&#8221; text_text_color=&#8221;#000000&#8243; text_font_size=&#8221;18px&#8221; custom_margin=&#8221;65px||||false|false&#8221; global_colors_info=&#8221;{}&#8221;]<p><span data-contrast=\"none\" xml:lang=\"HU-HU\" lang=\"HU-HU\" class=\"TextRun SCXW192802228 BCX0\"><span class=\"NormalTextRun SCXW192802228 BCX0\" data-ccp-parastyle=\"Default\" data-ccp-parastyle-defn=\"{&quot;ObjectId&quot;:&quot;272499da-5523-5969-b17c-4f82c0ce3910|1&quot;,&quot;ClassId&quot;:1073872969,&quot;Properties&quot;:[469775450,&quot;Default&quot;,201340122,&quot;2&quot;,134233614,&quot;true&quot;,469778129,&quot;Default&quot;,335572020,&quot;1&quot;,469777841,&quot;Arial&quot;,469777842,&quot;Arial&quot;,469777844,&quot;Arial&quot;,469769226,&quot;Arial&quot;,335551500,&quot;0&quot;,201342446,&quot;1&quot;,201342447,&quot;5&quot;,201342448,&quot;1&quot;,201342449,&quot;1&quot;,469777843,&quot;Aptos&quot;,201341986,&quot;1&quot;,268442635,&quot;24&quot;]}\">IBIS <\/span><span class=\"NormalTextRun SpellingErrorV2Themed SCXW192802228 BCX0\" data-ccp-parastyle=\"Default\">Styles<\/span><span class=\"NormalTextRun SCXW192802228 BCX0\" data-ccp-parastyle=\"Default\"> Budapest City<\/span><span class=\"NormalTextRun SCXW192802228 BCX0\" data-ccp-parastyle=\"Default\">***<\/span><\/span><span class=\"EOP SCXW192802228 BCX0\" data-ccp-props=\"{}\"><br \/><span data-contrast=\"none\" xml:lang=\"HU-HU\" lang=\"HU-HU\" class=\"TextRun SCXW105102221 BCX0\"><span class=\"NormalTextRun SCXW105102221 BCX0\" data-ccp-parastyle=\"Default\" data-ccp-parastyle-defn=\"{&quot;ObjectId&quot;:&quot;272499da-5523-5969-b17c-4f82c0ce3910|1&quot;,&quot;ClassId&quot;:1073872969,&quot;Properties&quot;:[469775450,&quot;Default&quot;,201340122,&quot;2&quot;,134233614,&quot;true&quot;,469778129,&quot;Default&quot;,335572020,&quot;1&quot;,469777841,&quot;Arial&quot;,469777842,&quot;Arial&quot;,469777844,&quot;Arial&quot;,469769226,&quot;Arial&quot;,335551500,&quot;0&quot;,201342446,&quot;1&quot;,201342447,&quot;5&quot;,201342448,&quot;1&quot;,201342449,&quot;1&quot;,469777843,&quot;Aptos&quot;,201341986,&quot;1&quot;,268442635,&quot;24&quot;]}\">Soroks\u00e1ri \u00fat 12.<\/span><\/span><span class=\"EOP SCXW105102221 BCX0\" data-ccp-props=\"{}\">\u00a0<\/span><br \/><span data-contrast=\"none\" xml:lang=\"HU-HU\" lang=\"HU-HU\" class=\"TextRun SCXW189781998 BCX0\"><span class=\"NormalTextRun SCXW189781998 BCX0\" data-ccp-parastyle=\"Default\" data-ccp-parastyle-defn=\"{&quot;ObjectId&quot;:&quot;272499da-5523-5969-b17c-4f82c0ce3910|1&quot;,&quot;ClassId&quot;:1073872969,&quot;Properties&quot;:[469775450,&quot;Default&quot;,201340122,&quot;2&quot;,134233614,&quot;true&quot;,469778129,&quot;Default&quot;,335572020,&quot;1&quot;,469777841,&quot;Arial&quot;,469777842,&quot;Arial&quot;,469777844,&quot;Arial&quot;,469769226,&quot;Arial&quot;,335551500,&quot;0&quot;,201342446,&quot;1&quot;,201342447,&quot;5&quot;,201342448,&quot;1&quot;,201342449,&quot;1&quot;,469777843,&quot;Aptos&quot;,201341986,&quot;1&quot;,268442635,&quot;24&quot;]}\">H-1095 Budapest<\/span><\/span><span class=\"EOP SCXW189781998 BCX0\" data-ccp-props=\"{}\">\u00a0<\/span><\/span><\/p>[\/et_pb_text][et_pb_image src=&#8221;https:\/\/ibbf.hu\/wp-content\/uploads\/2025\/09\/accomodation_map.jpg&#8221; title_text=&#8221;Screenshot&#8221; _builder_version=&#8221;4.27.4&#8243; _module_preset=&#8221;default&#8221; global_colors_info=&#8221;{}&#8221;][\/et_pb_image][\/et_pb_column][\/et_pb_row][et_pb_row _builder_version=&#8221;4.23&#8243; _module_preset=&#8221;default&#8221; background_image=&#8221;https:\/\/new.ibbf.hu\/wp-content\/uploads\/2023\/10\/bg_events.jpg&#8221; positioning=&#8221;fixed&#8221; position_origin_a=&#8221;top_center&#8221; position_origin_f=&#8221;top_center&#8221; z_index=&#8221;-1&#8243; width=&#8221;100%&#8221; max_width=&#8221;1920px&#8221; custom_css_main_element=&#8221;width:100%;||height:100vh;&#8221; locked=&#8221;off&#8221; global_colors_info=&#8221;{}&#8221;][et_pb_column type=&#8221;4_4&#8243; _builder_version=&#8221;4.23&#8243; _module_preset=&#8221;default&#8221; global_colors_info=&#8221;{}&#8221;][\/et_pb_column][\/et_pb_row][\/et_pb_section]","protected":false},"excerpt":{"rendered":"<p>SZ\u00c1LL\u00c1SA versenyhelysz\u00ednhez k\u00f6zeli IBIS Styles Budapest City*** Hotel kedvezm\u00e9nyes szoba\u00e1rakat biztos\u00edt a 2025-\u00f6s IBBF r\u00e9sztvev\u0151i \u00e9s vend\u00e9geik sz\u00e1m\u00e1ra. Foglal\u00e1shoz t\u00f6ltse ki a Foglal\u00e1si nyomtatv\u00e1nyt \u00e9s k\u00fcldje el emailben a H2025-re1@accor.com c\u00edmre.\u00a0IBIS Styles Budapest City***Soroks\u00e1ri \u00fat 12.\u00a0H-1095 Budapest\u00a0<\/p>","protected":false},"author":4,"featured_media":0,"parent":0,"menu_order":0,"comment_status":"closed","ping_status":"closed","template":"","meta":{"_et_pb_use_builder":"on","_et_pb_old_content":"","_et_gb_content_width":"","content-type":"","footnotes":""},"class_list":["post-4747","page","type-page","status-publish","hentry"],"_links":{"self":[{"href":"https:\/\/ibbf.hu\/en\/wp-json\/wp\/v2\/pages\/4747","targetHints":{"allow":["GET"]}}],"collection":[{"href":"https:\/\/ibbf.hu\/en\/wp-json\/wp\/v2\/pages"}],"about":[{"href":"https:\/\/ibbf.hu\/en\/wp-json\/wp\/v2\/types\/page"}],"author":[{"embeddable":true,"href":"https:\/\/ibbf.hu\/en\/wp-json\/wp\/v2\/users\/4"}],"replies":[{"embeddable":true,"href":"https:\/\/ibbf.hu\/en\/wp-json\/wp\/v2\/comments?post=4747"}],"version-history":[{"count":12,"href":"https:\/\/ibbf.hu\/en\/wp-json\/wp\/v2\/pages\/4747\/revisions"}],"predecessor-version":[{"id":4765,"href":"https:\/\/ibbf.hu\/en\/wp-json\/wp\/v2\/pages\/4747\/revisions\/4765"}],"wp:attachment":[{"href":"https:\/\/ibbf.hu\/en\/wp-json\/wp\/v2\/media?parent=4747"}],"curies":[{"name":"wp","href":"https:\/\/api.w.org\/{rel}","templated":true}]}}